{"id":351,"date":"2021-02-04T17:31:29","date_gmt":"2021-02-04T16:31:29","guid":{"rendered":"https:\/\/www.toblinovent.it\/privacy-policy\/"},"modified":"2021-03-05T15:58:43","modified_gmt":"2021-03-05T14:58:43","slug":"privacy-policy","status":"publish","type":"page","link":"https:\/\/www.toblinovent.it\/en\/privacy-policy\/","title":{"rendered":"Privacy policy"},"content":{"rendered":"<p>Gentile utente, Le diamo il benvenuto sul nostro sito web (il \u201c<strong>Sito<\/strong>\u201d) e La invitiamo a prestare attenzione alla seguente informativa (l\u2019\u201c<strong>Informativa<\/strong>\u201d), rilasciata ai sensi dell\u2019articolo 12 del Regolamento (UE) 2016\/679 relativo alla protezione delle persone fisiche con riguardo al trattamento dei dati personali, nonch\u00e9 alla libera circolazione di tali dati (\u201c<strong>GPDR<\/strong>\u201d).<\/p>\n<h3>Chi \u00e8 il titolare del trattamento?<\/h3>\n<p>Il Titolare del trattamento dei dati\u00a0<strong>Cantina Produttori Toblino societ\u00e0 cooperativa agricola<\/strong>, via Longa 1, 38076 \u2013 Sarche \u2013 Madruzzo (TN), P. IVA 00121390223, tel. 0461 564168, PEC: cantinatoblino@pec.it (di seguito il \u201cTitolare\u201d).<\/p>\n<h3>Quali dati trattiamo?<\/h3>\n<p><strong>Dati di navigazione<\/strong><\/p>\n<p>I sistemi informatici e le procedure software preposte al funzionamento di questo sito web acquisiscono, nel corso del loro normale esercizio, alcuni dati personali la cui trasmissione \u00e8 implicita nell\u2019uso dei protocolli di comunicazione di Internet.<br \/>\nSi tratta di informazioni che non sono raccolte per essere associate a interessati identificati, ma che per loro stessa natura potrebbero, attraverso elaborazioni ed associazioni con dati detenuti da terzi, permettere di identificare gli utenti.<br \/>\nIn questa categoria di dati rientrano gli indirizzi IP o i nomi a dominio dei computer utilizzati dagli utenti che si connettono al sito, gli indirizzi in notazione URI (Uniform Resource Identifier) delle risorse richieste, l\u2019orario della richiesta, il metodo utilizzato nel sottoporre la richiesta al server, la dimensione del file ottenuto in risposta, il codice numerico indicante lo stato della risposta data dal server (buon fine, errore, ecc.) ed altri parametri relativi al sistema operativo e all\u2019ambiente informatico dell\u2019utente.<\/p>\n<p>Questi dati vengono utilizzati al solo fine di ricavare informazioni statistiche anonime sull\u2019uso del sito e per controllarne il corretto funzionamento e vengono cancellati immediatamente dopo l\u2019elaborazione. I dati potrebbero essere utilizzati per l\u2019accertamento di responsabilit\u00e0 in caso di ipotetici reati informatici ai danni del sito: salva questa eventualit\u00e0, allo stato i dati sui contatti web non persistono per pi\u00f9 di sette giorni.<\/p>\n<p><strong>Cookie<\/strong><\/p>\n<p>Tramite il sito, tratteremo i suoi dati personali anche attraverso l\u2019utilizzo di cookie. Per tali trattamenti, rinviamo alla <a href=\"http:\/\/www.toblinovent.it\/cookie-policy\/\">cookie policy<\/a>.<\/p>\n<h3>\u00c8 obbligato a fornirci i dati in questione?<\/h3>\n<p>A parte quanto specificato per i dati di navigazione, le ricordiamo che il conferimento dei dati \u00e8 facoltativo, ma in mancanza potrebbe non essere per noi possibile rispondere alle sue richieste o erogare i servizi richiesti.<\/p>\n<h3>Perch\u00e9 (finalit\u00e0 e base giuridica) e per quanto trattiamo i suoi dati<\/h3>\n<p><u>Impiego di dati di navigazione e cookies<\/u><\/p>\n<p>I dati di navigazione saranno altres\u00ec trattati dal Titolare per:<\/p>\n<ul>\n<li>manutenzione tecnologica del sito;<\/li>\n<li>accertamento di responsabilit\u00e0 in caso di ipotetici reati informatici ai danni del Sito.<\/li>\n<\/ul>\n<p>La\u00a0<strong>base giuridica<\/strong>\u00a0di questi trattamenti \u00e8\u00a0<strong>l\u2019interesse legittimo del Titolare<\/strong>\u00a0a garantire il corretto utilizzo del Sito e a prevenire ogni possibile reato informatico.<\/p>\n<p>Conserveremo questi dati nei termini previsti dalla legge.<\/p>\n<h3>Come tratteremo i suoi dati?<\/h3>\n<p>I suoi dati verranno trattati con mezzi cartacei e informatici, manuali e automatizzati adeguati a garantirne la protezione, la sicurezza e il rispetto dei principi del GDPR, in particolare quelli di trasparenza, liceit\u00e0, correttezza.<\/p>\n<h3>A chi comunicheremo i suoi dati?<\/h3>\n<p>Per il perseguimento delle finalit\u00e0 descritte precedentemente, i suoi dati personali saranno conosciuti dai nostri dipendenti e collaboratori.<\/p>\n<p>Per esigenze di gestione o di assistenza nell\u2019ambito dei nostri sistemi informatici, inoltre, pu\u00f2 accadere che i suoi dati vengano conosciuti da soggetti che ci assistono in questi settori.<\/p>\n<p>Al di fuori di questi casi, i Suoi dati personali non saranno oggetto di diffusione.<\/p>\n<h3>Dove tratteremo i suoi dati?<\/h3>\n<p>I suoi dati personali verranno trattati sul territorio UE.<\/p>\n<h3>Quali sono i suoi diritti?<\/h3>\n<p>Abbiamo l\u2019obbligo di\u00a0<strong>rispondere alle sue richieste<\/strong>\u00a0di conoscere come e perch\u00e9 vengono trattati i suoi dati; di\u00a0<strong>correggere<\/strong>\u00a0dati sbagliati,\u00a0<strong>integrare<\/strong>\u00a0dati incompleti e\u00a0<strong>aggiornare<\/strong>\u00a0dati non pi\u00f9 esatti; se da lei richiesto, di\u00a0<strong>cancellare<\/strong>\u00a0i dati e di\u00a0<strong>limitare<\/strong>\u00a0il trattamento; di\u00a0<strong>fornirle<\/strong>\u00a0in un formato elettronico di uso comune e leggibile\u00a0<strong>i dati personali che La riguardano<\/strong>\u00a0o di\u00a0<strong>trasmetterli<\/strong>\u00a0ad altro Titolare da lei indicato. Inoltre, dal momento che Lei ha dato il consenso ad uno specifico trattamento, potr\u00e0 chiederne l\u2019interruzione se non \u00e8 pi\u00f9 d\u2019accordo.<\/p>\n<h3>Come pu\u00f2 esercitare i suoi diritti?<\/h3>\n<p>Per contatti specificamente relativi alla tutela dei dati personali, compreso l\u2019esercizio dei diritti si indica in particolare l\u2019indirizzo e-mail:\u00a0<a href=\"mailto:info@toblino.it\">info@toblino.it<\/a>\u00a0al quale si prega di voler rivolgere le Vostre eventuali richieste.<\/p>\n<h3>A chi pu\u00f2 rivolgersi in caso di mancanze?<\/h3>\n<p>Lei ha il diritto inoltre di proporre reclamo all\u2019Autorit\u00e0 Garante per la protezione dei dati personali, Piazza di Montecitorio n. 121, 00186, Roma (RM),\u00a0<a href=\"mailto:garante@gpdp.it\">garante@gpdp.it<\/a>,\u00a0<a href=\"http:\/\/www.garanteprivacy.it\/\">www.garanteprivacy.it<\/a>.<\/p>\n","protected":false},"excerpt":{"rendered":"<p>Gentile utente, Le diamo il benvenuto sul nostro sito web (il \u201cSito\u201d) e La invitiamo a prestare attenzione alla seguente informativa (l\u2019\u201cInformativa\u201d), rilasciata ai sensi dell\u2019articolo 12 del Regolamento (UE) 2016\/679 relativo alla protezione delle persone fisiche con riguardo al trattamento dei dati personali, nonch\u00e9 alla libera circolazione di tali dati (\u201cGPDR\u201d). Chi \u00e8 il [&hellip;]<\/p>\n","protected":false},"author":1,"featured_media":331,"parent":0,"menu_order":0,"comment_status":"closed","ping_status":"closed","template":"","meta":{"footnotes":""},"class_list":["post-351","page","type-page","status-publish","has-post-thumbnail","hentry","odd"],"yoast_head":"<!-- This site is optimized with the Yoast SEO plugin v27.6 - https:\/\/yoast.com\/product\/yoast-seo-wordpress\/ -->\n<title>Privacy policy - Toblino V\u00e8nt<\/title>\n<meta name=\"robots\" content=\"index, follow, max-snippet:-1, max-image-preview:large, max-video-preview:-1\" \/>\n<link rel=\"canonical\" href=\"https:\/\/www.toblinovent.it\/en\/privacy-policy\/\" \/>\n<meta property=\"og:locale\" content=\"en_US\" \/>\n<meta property=\"og:type\" content=\"article\" \/>\n<meta property=\"og:title\" content=\"Privacy policy - Toblino V\u00e8nt\" \/>\n<meta property=\"og:description\" content=\"Gentile utente, Le diamo il benvenuto sul nostro sito web (il \u201cSito\u201d) e La invitiamo a prestare attenzione alla seguente informativa (l\u2019\u201cInformativa\u201d), rilasciata ai sensi dell\u2019articolo 12 del Regolamento (UE) 2016\/679 relativo alla protezione delle persone fisiche con riguardo al trattamento dei dati personali, nonch\u00e9 alla libera circolazione di tali dati (\u201cGPDR\u201d). Chi \u00e8 il [&hellip;]\" \/>\n<meta property=\"og:url\" content=\"https:\/\/www.toblinovent.it\/en\/privacy-policy\/\" \/>\n<meta property=\"og:site_name\" content=\"Toblino V\u00e8nt\" \/>\n<meta property=\"article:modified_time\" content=\"2021-03-05T14:58:43+00:00\" \/>\n<meta property=\"og:image\" content=\"https:\/\/www.toblinovent.it\/wp-content\/uploads\/2021\/02\/DSCF6666-scaled.jpg\" \/>\n\t<meta property=\"og:image:width\" content=\"2560\" \/>\n\t<meta property=\"og:image:height\" content=\"1563\" \/>\n\t<meta property=\"og:image:type\" content=\"image\/jpeg\" \/>\n<meta name=\"twitter:card\" content=\"summary_large_image\" \/>\n<meta name=\"twitter:label1\" content=\"Est. reading time\" \/>\n\t<meta name=\"twitter:data1\" content=\"4 minutes\" \/>\n<script type=\"application\/ld+json\" class=\"yoast-schema-graph\">{\"@context\":\"https:\\\/\\\/schema.org\",\"@graph\":[{\"@type\":\"WebPage\",\"@id\":\"https:\\\/\\\/www.toblinovent.it\\\/en\\\/privacy-policy\\\/\",\"url\":\"https:\\\/\\\/www.toblinovent.it\\\/en\\\/privacy-policy\\\/\",\"name\":\"Privacy policy - Toblino V\u00e8nt\",\"isPartOf\":{\"@id\":\"https:\\\/\\\/www.toblinovent.it\\\/en\\\/#website\"},\"primaryImageOfPage\":{\"@id\":\"https:\\\/\\\/www.toblinovent.it\\\/en\\\/privacy-policy\\\/#primaryimage\"},\"image\":{\"@id\":\"https:\\\/\\\/www.toblinovent.it\\\/en\\\/privacy-policy\\\/#primaryimage\"},\"thumbnailUrl\":\"https:\\\/\\\/www.toblinovent.it\\\/wp-content\\\/uploads\\\/2021\\\/02\\\/DSCF6666-scaled.jpg\",\"datePublished\":\"2021-02-04T16:31:29+00:00\",\"dateModified\":\"2021-03-05T14:58:43+00:00\",\"breadcrumb\":{\"@id\":\"https:\\\/\\\/www.toblinovent.it\\\/en\\\/privacy-policy\\\/#breadcrumb\"},\"inLanguage\":\"en-US\",\"potentialAction\":[{\"@type\":\"ReadAction\",\"target\":[\"https:\\\/\\\/www.toblinovent.it\\\/en\\\/privacy-policy\\\/\"]}]},{\"@type\":\"ImageObject\",\"inLanguage\":\"en-US\",\"@id\":\"https:\\\/\\\/www.toblinovent.it\\\/en\\\/privacy-policy\\\/#primaryimage\",\"url\":\"https:\\\/\\\/www.toblinovent.it\\\/wp-content\\\/uploads\\\/2021\\\/02\\\/DSCF6666-scaled.jpg\",\"contentUrl\":\"https:\\\/\\\/www.toblinovent.it\\\/wp-content\\\/uploads\\\/2021\\\/02\\\/DSCF6666-scaled.jpg\",\"width\":2560,\"height\":1563},{\"@type\":\"BreadcrumbList\",\"@id\":\"https:\\\/\\\/www.toblinovent.it\\\/en\\\/privacy-policy\\\/#breadcrumb\",\"itemListElement\":[{\"@type\":\"ListItem\",\"position\":1,\"name\":\"Home\",\"item\":\"https:\\\/\\\/www.toblinovent.it\\\/en\\\/\"},{\"@type\":\"ListItem\",\"position\":2,\"name\":\"Privacy policy\"}]},{\"@type\":\"WebSite\",\"@id\":\"https:\\\/\\\/www.toblinovent.it\\\/en\\\/#website\",\"url\":\"https:\\\/\\\/www.toblinovent.it\\\/en\\\/\",\"name\":\"Toblino V\u00e8nt\",\"description\":\"Le Selezioni \u2013 \u00abV\u00e8nt\u00bb di Cantina Toblino\",\"potentialAction\":[{\"@type\":\"SearchAction\",\"target\":{\"@type\":\"EntryPoint\",\"urlTemplate\":\"https:\\\/\\\/www.toblinovent.it\\\/en\\\/?s={search_term_string}\"},\"query-input\":{\"@type\":\"PropertyValueSpecification\",\"valueRequired\":true,\"valueName\":\"search_term_string\"}}],\"inLanguage\":\"en-US\"}]}<\/script>\n<!-- \/ Yoast SEO plugin. -->","yoast_head_json":{"title":"Privacy policy - Toblino V\u00e8nt","robots":{"index":"index","follow":"follow","max-snippet":"max-snippet:-1","max-image-preview":"max-image-preview:large","max-video-preview":"max-video-preview:-1"},"canonical":"https:\/\/www.toblinovent.it\/en\/privacy-policy\/","og_locale":"en_US","og_type":"article","og_title":"Privacy policy - Toblino V\u00e8nt","og_description":"Gentile utente, Le diamo il benvenuto sul nostro sito web (il \u201cSito\u201d) e La invitiamo a prestare attenzione alla seguente informativa (l\u2019\u201cInformativa\u201d), rilasciata ai sensi dell\u2019articolo 12 del Regolamento (UE) 2016\/679 relativo alla protezione delle persone fisiche con riguardo al trattamento dei dati personali, nonch\u00e9 alla libera circolazione di tali dati (\u201cGPDR\u201d). Chi \u00e8 il [&hellip;]","og_url":"https:\/\/www.toblinovent.it\/en\/privacy-policy\/","og_site_name":"Toblino V\u00e8nt","article_modified_time":"2021-03-05T14:58:43+00:00","og_image":[{"width":2560,"height":1563,"url":"https:\/\/www.toblinovent.it\/wp-content\/uploads\/2021\/02\/DSCF6666-scaled.jpg","type":"image\/jpeg"}],"twitter_card":"summary_large_image","twitter_misc":{"Est. reading time":"4 minutes"},"schema":{"@context":"https:\/\/schema.org","@graph":[{"@type":"WebPage","@id":"https:\/\/www.toblinovent.it\/en\/privacy-policy\/","url":"https:\/\/www.toblinovent.it\/en\/privacy-policy\/","name":"Privacy policy - Toblino V\u00e8nt","isPartOf":{"@id":"https:\/\/www.toblinovent.it\/en\/#website"},"primaryImageOfPage":{"@id":"https:\/\/www.toblinovent.it\/en\/privacy-policy\/#primaryimage"},"image":{"@id":"https:\/\/www.toblinovent.it\/en\/privacy-policy\/#primaryimage"},"thumbnailUrl":"https:\/\/www.toblinovent.it\/wp-content\/uploads\/2021\/02\/DSCF6666-scaled.jpg","datePublished":"2021-02-04T16:31:29+00:00","dateModified":"2021-03-05T14:58:43+00:00","breadcrumb":{"@id":"https:\/\/www.toblinovent.it\/en\/privacy-policy\/#breadcrumb"},"inLanguage":"en-US","potentialAction":[{"@type":"ReadAction","target":["https:\/\/www.toblinovent.it\/en\/privacy-policy\/"]}]},{"@type":"ImageObject","inLanguage":"en-US","@id":"https:\/\/www.toblinovent.it\/en\/privacy-policy\/#primaryimage","url":"https:\/\/www.toblinovent.it\/wp-content\/uploads\/2021\/02\/DSCF6666-scaled.jpg","contentUrl":"https:\/\/www.toblinovent.it\/wp-content\/uploads\/2021\/02\/DSCF6666-scaled.jpg","width":2560,"height":1563},{"@type":"BreadcrumbList","@id":"https:\/\/www.toblinovent.it\/en\/privacy-policy\/#breadcrumb","itemListElement":[{"@type":"ListItem","position":1,"name":"Home","item":"https:\/\/www.toblinovent.it\/en\/"},{"@type":"ListItem","position":2,"name":"Privacy policy"}]},{"@type":"WebSite","@id":"https:\/\/www.toblinovent.it\/en\/#website","url":"https:\/\/www.toblinovent.it\/en\/","name":"Toblino V\u00e8nt","description":"Le Selezioni \u2013 \u00abV\u00e8nt\u00bb di Cantina Toblino","potentialAction":[{"@type":"SearchAction","target":{"@type":"EntryPoint","urlTemplate":"https:\/\/www.toblinovent.it\/en\/?s={search_term_string}"},"query-input":{"@type":"PropertyValueSpecification","valueRequired":true,"valueName":"search_term_string"}}],"inLanguage":"en-US"}]}},"_links":{"self":[{"href":"https:\/\/www.toblinovent.it\/en\/wp-json\/wp\/v2\/pages\/351","targetHints":{"allow":["GET"]}}],"collection":[{"href":"https:\/\/www.toblinovent.it\/en\/wp-json\/wp\/v2\/pages"}],"about":[{"href":"https:\/\/www.toblinovent.it\/en\/wp-json\/wp\/v2\/types\/page"}],"author":[{"embeddable":true,"href":"https:\/\/www.toblinovent.it\/en\/wp-json\/wp\/v2\/users\/1"}],"replies":[{"embeddable":true,"href":"https:\/\/www.toblinovent.it\/en\/wp-json\/wp\/v2\/comments?post=351"}],"version-history":[{"count":2,"href":"https:\/\/www.toblinovent.it\/en\/wp-json\/wp\/v2\/pages\/351\/revisions"}],"predecessor-version":[{"id":487,"href":"https:\/\/www.toblinovent.it\/en\/wp-json\/wp\/v2\/pages\/351\/revisions\/487"}],"wp:featuredmedia":[{"embeddable":true,"href":"https:\/\/www.toblinovent.it\/en\/wp-json\/wp\/v2\/media\/331"}],"wp:attachment":[{"href":"https:\/\/www.toblinovent.it\/en\/wp-json\/wp\/v2\/media?parent=351"}],"curies":[{"name":"wp","href":"https:\/\/api.w.org\/{rel}","templated":true}]}}